{"id":1002,"date":"2024-09-14T17:04:11","date_gmt":"2024-09-14T17:04:11","guid":{"rendered":"https:\/\/camelotartecultura.org\/about\/"},"modified":"2025-01-05T17:47:01","modified_gmt":"2025-01-05T17:47:01","slug":"about","status":"publish","type":"page","link":"https:\/\/camelotartecultura.org\/en\/about\/","title":{"rendered":"Nosotros"},"content":{"rendered":"<div class=\"wp-block-uagb-container uagb-block-48ef2a71 default uagb-is-root-container\">\n<div class=\"wp-block-media-text is-stacked-on-mobile has-ast-global-color-4-background-color has-background\"><figure class=\"wp-block-media-text__media\"><img loading=\"lazy\" decoding=\"async\" width=\"1024\" height=\"826\" src=\"https:\/\/camelotartecultura.org\/wp-content\/uploads\/2024\/10\/GRUPO-CON-DESCRIPCION-Y-TRAD-1024x826.png\" alt=\"\" class=\"wp-image-2437 size-full\" srcset=\"https:\/\/camelotartecultura.org\/wp-content\/uploads\/2024\/10\/GRUPO-CON-DESCRIPCION-Y-TRAD-1024x826.png 1024w, https:\/\/camelotartecultura.org\/wp-content\/uploads\/2024\/10\/GRUPO-CON-DESCRIPCION-Y-TRAD-300x242.png 300w, https:\/\/camelotartecultura.org\/wp-content\/uploads\/2024\/10\/GRUPO-CON-DESCRIPCION-Y-TRAD-768x619.png 768w, https:\/\/camelotartecultura.org\/wp-content\/uploads\/2024\/10\/GRUPO-CON-DESCRIPCION-Y-TRAD-1536x1238.png 1536w, https:\/\/camelotartecultura.org\/wp-content\/uploads\/2024\/10\/GRUPO-CON-DESCRIPCION-Y-TRAD-2048x1651.png 2048w, https:\/\/camelotartecultura.org\/wp-content\/uploads\/2024\/10\/GRUPO-CON-DESCRIPCION-Y-TRAD-15x12.png 15w, https:\/\/camelotartecultura.org\/wp-content\/uploads\/2024\/10\/GRUPO-CON-DESCRIPCION-Y-TRAD-600x484.png 600w\" sizes=\"auto, (max-width: 1024px) 100vw, 1024px\" \/><\/figure><div class=\"wp-block-media-text__content\">\n<p class=\"has-medium-font-size\">Camelot art, culture BC, is a non-profit institution created in 2008 where multidisciplinary art projects are developed . <br><br>Our main activities revolve around the research and artistic training, as well as to the creation and promotion of cultural events, with an emphasis on attention to vulnerable groups.              <\/p>\n\n\n\n<p class=\"has-medium-font-size\">Contamos con experiencia en una variedad de productos y servicios para hacer realidad tu evento o proyecto art\u00edstico. <\/p>\n\n\n\n<p><\/p>\n\n\n\n<p><\/p>\n\n\n\n<p><\/p>\n\n\n\n<div style=\"height:41px\" aria-hidden=\"true\" class=\"wp-block-spacer\"><\/div>\n\n\n\n<section class=\"wp-block-uagb-section uagb-section__wrap uagb-section__background-color uagb-block-c40b05c6\"><div class=\"uagb-section__overlay\"><\/div><div class=\"uagb-section__inner-wrap\"><div class='root-data-givewp-embed' data-form-locale='en_US' data-form-url='https:\/\/camelotartecultura.org\/?post_type=give_forms&amp;p=2161' data-form-view-url='https:\/\/camelotartecultura.org\/en\/?givewp-route=donation-form-view&amp;form-id=2161' data-src='https:\/\/camelotartecultura.org\/en\/?givewp-route=donation-form-view&amp;form-id=2161' data-givewp-embed-id='give-form-shortcode-1' data-form-format='' data-open-form-button='Donate now' style='--givewp-primary-color: #4492DD; --givewp-secondary-color: #f49420;'><\/div>\n<\/div><\/section>\n<\/div><\/div>\n<\/div>\n\n\n\n<p><\/p>","protected":false},"excerpt":{"rendered":"<p>Camelot arte, cultura A.C., es una instituci\u00f3n sin fines de lucro creada en 2008 donde se desarrollan proyectos art\u00edsticos multidisciplinarios. Nuestras actividades principales giran en torno a la investigaci\u00f3n y formaci\u00f3n art\u00edstica, as\u00ed como a la creaci\u00f3n y promoci\u00f3n de eventos culturales, con \u00e9nfasis en la atenci\u00f3n a grupos vulnerables. Contamos con experiencia en una [&hellip;]<\/p>\n","protected":false},"author":1,"featured_media":0,"parent":0,"menu_order":0,"comment_status":"closed","ping_status":"closed","template":"","meta":{"give_campaign_id":0,"_uag_custom_page_level_css":"","site-sidebar-layout":"no-sidebar","site-content-layout":"plain-container","ast-site-content-layout":"normal-width-container","site-content-style":"unboxed","site-sidebar-style":"unboxed","ast-global-header-display":"","ast-banner-title-visibility":"","ast-main-header-display":"","ast-hfb-above-header-display":"","ast-hfb-below-header-display":"","ast-hfb-mobile-header-display":"","site-post-title":"disabled","ast-breadcrumbs-content":"","ast-featured-img":"disabled","footer-sml-layout":"","theme-transparent-header-meta":"disabled","adv-header-id-meta":"","stick-header-meta":"","header-above-stick-meta":"","header-main-stick-meta":"","header-below-stick-meta":"","astra-migrate-meta-layouts":"set","ast-page-background-enabled":"default","ast-page-background-meta":{"desktop":{"background-color":"var(--ast-global-color-4)","background-image":"","background-repeat":"repeat","background-position":"center center","background-size":"auto","background-attachment":"scroll","background-type":"","background-media":"","overlay-type":"","overlay-color":"","overlay-opacity":"","overlay-gradient":""},"tablet":{"background-color":"","background-image":"","background-repeat":"repeat","background-position":"center center","background-size":"auto","background-attachment":"scroll","background-type":"","background-media":"","overlay-type":"","overlay-color":"","overlay-opacity":"","overlay-gradient":""},"mobile":{"background-color":"","background-image":"","background-repeat":"repeat","background-position":"center center","background-size":"auto","background-attachment":"scroll","background-type":"","background-media":"","overlay-type":"","overlay-color":"","overlay-opacity":"","overlay-gradient":""}},"ast-content-background-meta":{"desktop":{"background-color":"var(--ast-global-color-5)","background-image":"","background-repeat":"repeat","background-position":"center center","background-size":"auto","background-attachment":"scroll","background-type":"","background-media":"","overlay-type":"","overlay-color":"","overlay-opacity":"","overlay-gradient":""},"tablet":{"background-color":"var(--ast-global-color-5)","background-image":"","background-repeat":"repeat","background-position":"center center","background-size":"auto","background-attachment":"scroll","background-type":"","background-media":"","overlay-type":"","overlay-color":"","overlay-opacity":"","overlay-gradient":""},"mobile":{"background-color":"var(--ast-global-color-5)","background-image":"","background-repeat":"repeat","background-position":"center center","background-size":"auto","background-attachment":"scroll","background-type":"","background-media":"","overlay-type":"","overlay-color":"","overlay-opacity":"","overlay-gradient":""}},"footnotes":""},"class_list":["post-1002","page","type-page","status-publish","hentry"],"campaignId":"","uagb_featured_image_src":{"full":false,"thumbnail":false,"medium":false,"medium_large":false,"large":false,"1536x1536":false,"2048x2048":false,"trp-custom-language-flag":false,"woocommerce_thumbnail":false,"woocommerce_single":false,"woocommerce_gallery_thumbnail":false},"uagb_author_info":{"display_name":"wzamarron","author_link":"https:\/\/camelotartecultura.org\/en\/author\/wzamarron\/"},"uagb_comment_info":0,"uagb_excerpt":"Camelot arte, cultura A.C., es una instituci\u00f3n sin fines de lucro creada en 2008 donde se desarrollan proyectos art\u00edsticos multidisciplinarios. Nuestras actividades principales giran en torno a la investigaci\u00f3n y formaci\u00f3n art\u00edstica, as\u00ed como a la creaci\u00f3n y promoci\u00f3n de eventos culturales, con \u00e9nfasis en la atenci\u00f3n a grupos vulnerables. Contamos con experiencia en una&hellip;","_links":{"self":[{"href":"https:\/\/camelotartecultura.org\/en\/wp-json\/wp\/v2\/pages\/1002","targetHints":{"allow":["GET"]}}],"collection":[{"href":"https:\/\/camelotartecultura.org\/en\/wp-json\/wp\/v2\/pages"}],"about":[{"href":"https:\/\/camelotartecultura.org\/en\/wp-json\/wp\/v2\/types\/page"}],"author":[{"embeddable":true,"href":"https:\/\/camelotartecultura.org\/en\/wp-json\/wp\/v2\/users\/1"}],"replies":[{"embeddable":true,"href":"https:\/\/camelotartecultura.org\/en\/wp-json\/wp\/v2\/comments?post=1002"}],"version-history":[{"count":36,"href":"https:\/\/camelotartecultura.org\/en\/wp-json\/wp\/v2\/pages\/1002\/revisions"}],"predecessor-version":[{"id":2508,"href":"https:\/\/camelotartecultura.org\/en\/wp-json\/wp\/v2\/pages\/1002\/revisions\/2508"}],"wp:attachment":[{"href":"https:\/\/camelotartecultura.org\/en\/wp-json\/wp\/v2\/media?parent=1002"}],"curies":[{"name":"wp","href":"https:\/\/api.w.org\/{rel}","templated":true}]}}