{"id":1004,"date":"2024-09-14T17:04:14","date_gmt":"2024-09-14T17:04:14","guid":{"rendered":"https:\/\/camelotartecultura.org\/contact\/"},"modified":"2025-01-06T00:20:15","modified_gmt":"2025-01-06T00:20:15","slug":"contacto","status":"publish","type":"page","link":"https:\/\/camelotartecultura.org\/en\/contacto\/","title":{"rendered":"Contact"},"content":{"rendered":"\n<div class=\"wp-block-uagb-container uagb-block-a1c61af9 alignfull uagb-is-root-container\">\n<div class=\"wp-block-uagb-container uagb-block-96b92018\">\n<div class=\"wp-block-uagb-advanced-heading uagb-block-eaa34918\"><h2 class=\"uagb-heading-text\">Suscr\u00edbete a nuestro Bolet\u00edn Electr\u00f3nico<\/h2><\/div>\n\n\n\n<div class=\"wp-block-buttons is-layout-flex wp-block-buttons-is-layout-flex\">\n<div class=\"wp-block-button\"><a class=\"wp-block-button__link has-background wp-element-button\" style=\"border-radius:30px;background:linear-gradient(4deg,rgb(71,71,71) 0%,rgb(27,119,204) 100%)\">Suscribirme<\/a><\/div>\n<\/div>\n\n\n\n<div class=\"wp-block-uagb-advanced-heading uagb-block-598475d9\"><h2 class=\"uagb-heading-text\">Difusi\u00f3n de eventos arte y cultura<\/h2><\/div>\n\n\n\n<div class=\"wp-block-buttons is-layout-flex wp-block-buttons-is-layout-flex\">\n<div class=\"wp-block-button\"><a class=\"wp-block-button__link has-background wp-element-button\" href=\"https:\/\/chat.whatsapp.com\/IkNizBm7zm9JUsflFIvezq\" style=\"border-radius:30px;background:linear-gradient(180deg,rgb(122,220,180) 0%,rgb(0,208,130) 100%)\">whatsApp<\/a><\/div>\n<\/div>\n\n\n\n<div class=\"wp-block-uagb-advanced-heading uagb-block-1add04e9\"><h6 class=\"uagb-heading-text\">S\u00cdGUENOS<\/h6><\/div>\n\n\n\n<div class=\"wp-block-uagb-image alignleft uagb-block-3f923650 wp-block-uagb-image--layout-default wp-block-uagb-image--effect-static wp-block-uagb-image--align-left\"><figure class=\"wp-block-uagb-image__figure\"><img decoding=\"async\" srcset=\"https:\/\/camelotartecultura.org\/wp-content\/uploads\/2024\/09\/camelotartecultura_linktree-QR.png ,https:\/\/camelotartecultura.org\/wp-content\/uploads\/2024\/09\/camelotartecultura_linktree-QR.png 780w, https:\/\/camelotartecultura.org\/wp-content\/uploads\/2024\/09\/camelotartecultura_linktree-QR.png 360w\" sizes=\"auto, (max-width: 480px) 150px\" src=\"https:\/\/camelotartecultura.org\/wp-content\/uploads\/2024\/09\/camelotartecultura_linktree-QR.png\" alt=\"\" class=\"uag-image-2143\" width=\"250\" height=\"250\" title=\"camelotartecultura_linktree QR\" loading=\"lazy\" role=\"img\"\/><\/figure><\/div>\n<\/div>\n\n\n\n<div class=\"wp-block-uagb-container uagb-block-29375e57\">\n<div class=\"wp-block-uagb-advanced-heading uagb-block-414fa467\"><h3 class=\"uagb-heading-text\">Env\u00eda un mensaje<\/h3><\/div>\n\n\n\n<div class=\"wp-block-uagb-forms uagb-forms__outer-wrap uagb-block-e05b0f4b uagb-forms__default-btn\"><form class=\"uagb-forms-main-form\" method=\"post\" autocomplete=\"on\" name=\"uagb-form-e05b0f4b\">\n<div class=\"wp-block-uagb-forms-name uagb-forms-name-wrap uagb-forms-field-set uagb-block-3e51448a\"><div class=\"uagb-forms-name-label required uagb-forms-input-label\" id=\"3e51448a\">Nombre<\/div><input type=\"text\" placeholder=\"Nombre completo\" required class=\"uagb-forms-name-input uagb-forms-input\" name=\"3e51448a\" autocomplete=\"given-name\"\/><\/div>\n\n\n\n<div class=\"wp-block-uagb-forms-name uagb-forms-name-wrap uagb-forms-field-set uagb-block-e71f6505\"><div class=\"uagb-forms-name-label  uagb-forms-input-label\" id=\"e71f6505\">Compa\u00f1\u00eda \/ Instituci\u00f3n<\/div><input type=\"text\" placeholder=\"\" class=\"uagb-forms-name-input uagb-forms-input\" name=\"e71f6505\" autocomplete=\"name\"\/><\/div>\n\n\n\n<div class=\"wp-block-uagb-forms-phone uagb-forms-phone-wrap uagb-forms-field-set uagb-block-b692608f\"><div class=\"uagb-forms-phone-label required uagb-forms-input-label\" id=\"b692608f\">Tel\u00e9fono<\/div><div class=\"uagb-forms-phone-flex\"><select class=\"uagb-forms-input uagb-form-phone-country\" id=\"uagb-form-country-b692608f\" name=\"Tel\u00e9fono[]\"><option value=\"+44\">UK (+44)<\/option><option value=\"+1\">USA \/ Canada (+1)<\/option><option value=\"+213\">Algeria (+213)<\/option><option value=\"+376\">Andorra (+376)<\/option><option value=\"+244\">Angola (+244)<\/option><option value=\"+1264\">Anguilla (+1264)<\/option><option value=\"+1268\">Antigua &amp; Barbuda (+1268)<\/option><option value=\"+54\">Argentina (+54)<\/option><option value=\"+374\">Armenia (+374)<\/option><option value=\"+297\">Aruba (+297)<\/option><option value=\"+61\">Australia (+61)<\/option><option value=\"+43\">Austria (+43)<\/option><option value=\"+994\">Azerbaijan (+994)<\/option><option value=\"+1242\">Bahamas (+1242)<\/option><option value=\"+973\">Bahrain (+973)<\/option><option value=\"+880\">Bangladesh (+880)<\/option><option value=\"+1246\">Barbados (+1246)<\/option><option value=\"+375\">Belarus (+375)<\/option><option value=\"+32\">Belgium (+32)<\/option><option value=\"+501\">Belize (+501)<\/option><option value=\"+229\">Benin (+229)<\/option><option value=\"+1441\">Bermuda (+1441)<\/option><option value=\"+975\">Bhutan (+975)<\/option><option value=\"+591\">Bolivia (+591)<\/option><option value=\"+387\">Bosnia Herzegovina (+387)<\/option><option value=\"+267\">Botswana (+267)<\/option><option value=\"+55\">Brazil (+55)<\/option><option value=\"+673\">Brunei (+673)<\/option><option value=\"+359\">Bulgaria (+359)<\/option><option value=\"+226\">Burkina Faso (+226)<\/option><option value=\"+257\">Burundi (+257)<\/option><option value=\"+855\">Cambodia (+855)<\/option><option value=\"+237\">Cameroon (+237)<\/option><option value=\"+238\">Cape Verde Islands (+238)<\/option><option value=\"+1345\">Cayman Islands (+1345)<\/option><option value=\"+236\">Central African Republic (+236)<\/option><option value=\"+56\">Chile (+56)<\/option><option value=\"+86\">China (+86)<\/option><option value=\"+57\">Colombia (+57)<\/option><option value=\"+269\">Comoros (+269)<\/option><option value=\"+242\">Congo (+242)<\/option><option value=\"+682\">Cook Islands (+682)<\/option><option value=\"+506\">Costa Rica (+506)<\/option><option value=\"+385\">Croatia (+385)<\/option><option value=\"+53\">Cuba (+53)<\/option><option value=\"+90392\">Cyprus North (+90392)<\/option><option value=\"+357\">Cyprus South (+357)<\/option><option value=\"+420\">Czech Republic (+420)<\/option><option value=\"+45\">Denmark (+45)<\/option><option value=\"+253\">Djibouti (+253)<\/option><option value=\"+1809\">Dominica (+1809)<\/option><option value=\"+1809\">Dominican Republic (+1809)<\/option><option value=\"+593\">Ecuador (+593)<\/option><option value=\"+20\">Egypt (+20)<\/option><option value=\"+503\">El Salvador (+503)<\/option><option value=\"+240\">Equatorial Guinea (+240)<\/option><option value=\"+291\">Eritrea (+291)<\/option><option value=\"+372\">Estonia (+372)<\/option><option value=\"+251\">Ethiopia (+251)<\/option><option value=\"+500\">Falkland Islands (+500)<\/option><option value=\"+298\">Faroe Islands (+298)<\/option><option value=\"+679\">Fiji (+679)<\/option><option value=\"+358\">Finland (+358)<\/option><option value=\"+33\">France (+33)<\/option><option value=\"+594\">French Guiana (+594)<\/option><option value=\"+689\">French Polynesia (+689)<\/option><option value=\"+241\">Gabon (+241)<\/option><option value=\"+220\">Gambia (+220)<\/option><option value=\"+7880\">Georgia (+7880)<\/option><option value=\"+49\">Germany (+49)<\/option><option value=\"+233\">Ghana (+233)<\/option><option value=\"+350\">Gibraltar (+350)<\/option><option value=\"+30\">Greece (+30)<\/option><option value=\"+299\">Greenland (+299)<\/option><option value=\"+1473\">Grenada (+1473)<\/option><option value=\"+590\">Guadeloupe (+590)<\/option><option value=\"+671\">Guam (+671)<\/option><option value=\"+502\">Guatemala (+502)<\/option><option value=\"+224\">Guinea (+224)<\/option><option value=\"+245\">Guinea &#8211; Bissau (+245)<\/option><option value=\"+592\">Guyana (+592)<\/option><option value=\"+509\">Haiti (+509)<\/option><option value=\"+504\">Honduras (+504)<\/option><option value=\"+852\">Hong Kong (+852)<\/option><option value=\"+36\">Hungary (+36)<\/option><option value=\"+354\">Iceland (+354)<\/option><option value=\"+91\">India (+91)<\/option><option value=\"+62\">Indonesia (+62)<\/option><option value=\"+98\">Iran (+98)<\/option><option value=\"+964\">Iraq (+964)<\/option><option value=\"+353\">Ireland (+353)<\/option><option value=\"+972\">Israel (+972)<\/option><option value=\"+39\">Italy (+39)<\/option><option value=\"+1876\">Jamaica (+1876)<\/option><option value=\"+81\">Japan (+81)<\/option><option value=\"+962\">Jordan (+962)<\/option><option value=\"+7\">Kazakhstan (+7)<\/option><option value=\"+254\">Kenya (+254)<\/option><option value=\"+686\">Kiribati (+686)<\/option><option value=\"+850\">Korea North (+850)<\/option><option value=\"+82\">Korea South (+82)<\/option><option value=\"+965\">Kuwait (+965)<\/option><option value=\"+996\">Kyrgyzstan (+996)<\/option><option value=\"+856\">Laos (+856)<\/option><option value=\"+371\">Latvia (+371)<\/option><option value=\"+961\">Lebanon (+961)<\/option><option value=\"+266\">Lesotho (+266)<\/option><option value=\"+231\">Liberia (+231)<\/option><option value=\"+218\">Libya (+218)<\/option><option value=\"+417\">Liechtenstein (+417)<\/option><option value=\"+370\">Lithuania (+370)<\/option><option value=\"+352\">Luxembourg (+352)<\/option><option value=\"+853\">Macao (+853)<\/option><option value=\"+389\">Macedonia (+389)<\/option><option value=\"+261\">Madagascar (+261)<\/option><option value=\"+265\">Malawi (+265)<\/option><option value=\"+60\">Malaysia (+60)<\/option><option value=\"+960\">Maldives (+960)<\/option><option value=\"+223\">Mali (+223)<\/option><option value=\"+356\">Malta (+356)<\/option><option value=\"+692\">Marshall Islands (+692)<\/option><option value=\"+596\">Martinique (+596)<\/option><option value=\"+222\">Mauritania (+222)<\/option><option value=\"+269\">Mayotte (+269)<\/option><option value=\"+52\" selected>Mexico (+52)<\/option><option value=\"+691\">Micronesia (+691)<\/option><option value=\"+373\">Moldova (+373)<\/option><option value=\"+377\">Monaco (+377)<\/option><option value=\"+976\">Mongolia (+976)<\/option><option value=\"+1664\">Montserrat (+1664)<\/option><option value=\"+212\">Morocco (+212)<\/option><option value=\"+258\">Mozambique (+258)<\/option><option value=\"+95\">Myanmar (+95)<\/option><option value=\"+264\">Namibia (+264)<\/option><option value=\"+674\">Nauru (+674)<\/option><option value=\"+977\">Nepal (+977)<\/option><option value=\"+31\">Netherlands (+31)<\/option><option value=\"+687\">New Caledonia (+687)<\/option><option value=\"+64\">New Zealand (+64)<\/option><option value=\"+505\">Nicaragua (+505)<\/option><option value=\"+227\">Niger (+227)<\/option><option value=\"+234\">Nigeria (+234)<\/option><option value=\"+683\">Niue (+683)<\/option><option value=\"+672\">Norfolk Islands (+672)<\/option><option value=\"+670\">Northern Marianas (+670)<\/option><option value=\"+47\">Norway (+47)<\/option><option value=\"+968\">Oman (+968)<\/option><option value=\"+680\">Palau (+680)<\/option><option value=\"+507\">Panama (+507)<\/option><option value=\"+675\">Papua New Guinea (+675)<\/option><option value=\"+595\">Paraguay (+595)<\/option><option value=\"+51\">Peru (+51)<\/option><option value=\"+63\">Philippines (+63)<\/option><option value=\"+48\">Poland (+48)<\/option><option value=\"+351\">Portugal (+351)<\/option><option value=\"+1787\">Puerto Rico (+1787)<\/option><option value=\"+974\">Qatar (+974)<\/option><option value=\"+262\">Reunion (+262)<\/option><option value=\"+40\">Romania (+40)<\/option><option value=\"+7\">Russia (+7)<\/option><option value=\"+250\">Rwanda (+250)<\/option><option value=\"+378\">San Marino (+378)<\/option><option value=\"+239\">Sao Tome &amp; Principe (+239)<\/option><option value=\"+966\">Saudi Arabia (+966)<\/option><option value=\"+221\">Senegal (+221)<\/option><option value=\"+381\">Serbia (+381)<\/option><option value=\"+248\">Seychelles (+248)<\/option><option value=\"+232\">Sierra Leone (+232)<\/option><option value=\"+65\">Singapore (+65)<\/option><option value=\"+421\">Slovak Republic (+421)<\/option><option value=\"+386\">Slovenia (+386)<\/option><option value=\"+677\">Solomon Islands (+677)<\/option><option value=\"+252\">Somalia (+252)<\/option><option value=\"+27\">South Africa (+27)<\/option><option value=\"+34\">Spain (+34)<\/option><option value=\"+94\">Sri Lanka (+94)<\/option><option value=\"+290\">St. Helena (+290)<\/option><option value=\"+1869\">St. Kitts (+1869)<\/option><option value=\"+1758\">St. Lucia (+1758)<\/option><option value=\"+249\">Sudan (+249)<\/option><option value=\"+597\">Suriname (+597)<\/option><option value=\"+268\">Swaziland (+268)<\/option><option value=\"+46\">Sweden (+46)<\/option><option value=\"+41\">Switzerland (+41)<\/option><option value=\"+963\">Syria (+963)<\/option><option value=\"+886\">Taiwan (+886)<\/option><option value=\"+7\">Tajikstan (+7)<\/option><option value=\"+66\">Thailand (+66)<\/option><option value=\"+228\">Togo (+228)<\/option><option value=\"+676\">Tonga (+676)<\/option><option value=\"+1868\">Trinidad &amp; Tobago (+1868)<\/option><option value=\"+216\">Tunisia (+216)<\/option><option value=\"+90\">Turkey (+90)<\/option><option value=\"+7\">Turkmenistan (+7)<\/option><option value=\"+993\">Turkmenistan (+993)<\/option><option value=\"+1649\">Turks &amp; Caicos Islands (+1649)<\/option><option value=\"+688\">Tuvalu (+688)<\/option><option value=\"+256\">Uganda (+256)<\/option><option value=\"+380\">Ukraine (+380)<\/option><option value=\"+971\">United Arab Emirates (+971)<\/option><option value=\"+598\">Uruguay (+598)<\/option><option value=\"+7\">Uzbekistan (+7)<\/option><option value=\"+678\">Vanuatu (+678)<\/option><option value=\"+379\">Vatican City (+379)<\/option><option value=\"+58\">Venezuela (+58)<\/option><option value=\"+84\">Vietnam (+84)<\/option><option value=\"+84\">Virgin Islands &#8211; British (+1284)<\/option><option value=\"+84\">Virgin Islands &#8211; US (+1340)<\/option><option value=\"+681\">Wallis &amp; Futuna (+681)<\/option><option value=\"+969\">Yemen (North)(+969)<\/option><option value=\"+967\">Yemen (South)(+967)<\/option><option value=\"+260\">Zambia (+260)<\/option><option value=\"+263\">Zimbabwe (+263)<\/option><\/select><input type=\"tel\" placeholder=\"123-456-7890\" pattern=\"[0-9]{3}-?[0-9]{3}-?[0-9]{4}\" required class=\"uagb-forms-phone-input uagb-forms-input\" name=\"Tel\u00e9fono[]\" autocomplete=\"tel-national\"\/><\/div><\/div>\n\n\n\n<div class=\"wp-block-uagb-forms-email uagb-forms-email-wrap uagb-forms-field-set uagb-block-f7e0adcb\"><div class=\"uagb-forms-email-label required uagb-forms-input-label\" id=\"f7e0adcb\">Correo electr\u00f3nico<\/div><input type=\"email\" class=\"uagb-forms-email-input uagb-forms-input\" placeholder=\"\" required name=\"f7e0adcb\" autocomplete=\"email\"\/><\/div>\n\n\n\n<div class=\"wp-block-uagb-forms-textarea uagb-forms-textarea-wrap uagb-forms-field-set uagb-block-80a1191b\"><div class=\"uagb-forms-textarea-label required uagb-forms-input-label\" id=\"80a1191b\">Asunto<\/div><textarea required class=\"uagb-forms-textarea-input uagb-forms-input\" rows=\"4\" placeholder=\"\" name=\"80a1191b\" autocomplete=\"off\"><\/textarea><\/div>\n<div class=\"uagb-forms-form-hidden-data\"><input type=\"hidden\" class=\"uagb_forms_form_label\" value=\"Spectra Form\"\/><input type=\"hidden\" class=\"uagb_forms_form_id\" value=\"uagb-form-e05b0f4b\"\/><\/div><div class=\"uagb-form-reacaptcha-error-e05b0f4b\"><\/div><div class=\"uagb-forms-main-submit-button-wrap wp-block-button\"><button class=\"uagb-forms-main-submit-button wp-block-button__link\"><div class=\"uagb-forms-main-submit-button-text\">Enviar<\/div><\/button><\/div><\/form><div class=\"uagb-forms-success-message-e05b0f4b uagb-forms-submit-message-hide\"><span>El mensaje se ha enviado exitosamente.<\/span><\/div><div class=\"uagb-forms-failed-message-e05b0f4b uagb-forms-submit-message-hide\"><span>Ha habido un error al enviar el mensaje. Por favor, verifica que todos los campos obligatorios hayan sido llenados correctamente.<\/span><\/div><\/div>\n<\/div>\n<\/div>\n\n\n\n<div class=\"wp-block-uagb-container uagb-block-b596b686 alignfull uagb-is-root-container\"><\/div>\n\n\n\n<p><\/p>\n","protected":false},"excerpt":{"rendered":"<p>Suscr\u00edbete a nuestro Bolet\u00edn Electr\u00f3nico Difusi\u00f3n de eventos arte y cultura S\u00cdGUENOS Env\u00eda un mensaje<\/p>","protected":false},"author":1,"featured_media":0,"parent":0,"menu_order":0,"comment_status":"closed","ping_status":"closed","template":"","meta":{"give_campaign_id":0,"_uag_custom_page_level_css":"","site-sidebar-layout":"no-sidebar","site-content-layout":"plain-container","ast-site-content-layout":"full-width-container","site-content-style":"unboxed","site-sidebar-style":"unboxed","ast-global-header-display":"","ast-banner-title-visibility":"","ast-main-header-display":"","ast-hfb-above-header-display":"","ast-hfb-below-header-display":"","ast-hfb-mobile-header-display":"","site-post-title":"disabled","ast-breadcrumbs-content":"","ast-featured-img":"disabled","footer-sml-layout":"","theme-transparent-header-meta":"disabled","adv-header-id-meta":"","stick-header-meta":"","header-above-stick-meta":"","header-main-stick-meta":"","header-below-stick-meta":"","astra-migrate-meta-layouts":"set","ast-page-background-enabled":"default","ast-page-background-meta":{"desktop":{"background-color":"var(--ast-global-color-4)","background-image":"","background-repeat":"repeat","background-position":"center center","background-size":"auto","background-attachment":"scroll","background-type":"","background-media":"","overlay-type":"","overlay-color":"","overlay-opacity":"","overlay-gradient":""},"tablet":{"background-color":"","background-image":"","background-repeat":"repeat","background-position":"center center","background-size":"auto","background-attachment":"scroll","background-type":"","background-media":"","overlay-type":"","overlay-color":"","overlay-opacity":"","overlay-gradient":""},"mobile":{"background-color":"","background-image":"","background-repeat":"repeat","background-position":"center center","background-size":"auto","background-attachment":"scroll","background-type":"","background-media":"","overlay-type":"","overlay-color":"","overlay-opacity":"","overlay-gradient":""}},"ast-content-background-meta":{"desktop":{"background-color":"var(--ast-global-color-5)","background-image":"","background-repeat":"repeat","background-position":"center center","background-size":"auto","background-attachment":"scroll","background-type":"","background-media":"","overlay-type":"","overlay-color":"","overlay-opacity":"","overlay-gradient":""},"tablet":{"background-color":"var(--ast-global-color-5)","background-image":"","background-repeat":"repeat","background-position":"center center","background-size":"auto","background-attachment":"scroll","background-type":"","background-media":"","overlay-type":"","overlay-color":"","overlay-opacity":"","overlay-gradient":""},"mobile":{"background-color":"var(--ast-global-color-5)","background-image":"","background-repeat":"repeat","background-position":"center center","background-size":"auto","background-attachment":"scroll","background-type":"","background-media":"","overlay-type":"","overlay-color":"","overlay-opacity":"","overlay-gradient":""}},"footnotes":""},"class_list":["post-1004","page","type-page","status-publish","hentry"],"campaignId":"","uagb_featured_image_src":{"full":false,"thumbnail":false,"medium":false,"medium_large":false,"large":false,"1536x1536":false,"2048x2048":false,"trp-custom-language-flag":false,"woocommerce_thumbnail":false,"woocommerce_single":false,"woocommerce_gallery_thumbnail":false},"uagb_author_info":{"display_name":"wzamarron","author_link":"https:\/\/camelotartecultura.org\/en\/author\/wzamarron\/"},"uagb_comment_info":0,"uagb_excerpt":"Suscr\u00edbete a nuestro Bolet\u00edn Electr\u00f3nico Difusi\u00f3n de eventos arte y cultura S\u00cdGUENOS Env\u00eda un mensaje","_links":{"self":[{"href":"https:\/\/camelotartecultura.org\/en\/wp-json\/wp\/v2\/pages\/1004","targetHints":{"allow":["GET"]}}],"collection":[{"href":"https:\/\/camelotartecultura.org\/en\/wp-json\/wp\/v2\/pages"}],"about":[{"href":"https:\/\/camelotartecultura.org\/en\/wp-json\/wp\/v2\/types\/page"}],"author":[{"embeddable":true,"href":"https:\/\/camelotartecultura.org\/en\/wp-json\/wp\/v2\/users\/1"}],"replies":[{"embeddable":true,"href":"https:\/\/camelotartecultura.org\/en\/wp-json\/wp\/v2\/comments?post=1004"}],"version-history":[{"count":20,"href":"https:\/\/camelotartecultura.org\/en\/wp-json\/wp\/v2\/pages\/1004\/revisions"}],"predecessor-version":[{"id":2522,"href":"https:\/\/camelotartecultura.org\/en\/wp-json\/wp\/v2\/pages\/1004\/revisions\/2522"}],"wp:attachment":[{"href":"https:\/\/camelotartecultura.org\/en\/wp-json\/wp\/v2\/media?parent=1004"}],"curies":[{"name":"wp","href":"https:\/\/api.w.org\/{rel}","templated":true}]}}